{"id":73,"date":"2024-10-07T11:01:17","date_gmt":"2024-10-07T09:01:17","guid":{"rendered":"https:\/\/veloclusive-bielbienne.ch\/?page_id=73"},"modified":"2024-11-25T15:52:21","modified_gmt":"2024-11-25T14:52:21","slug":"services","status":"publish","type":"page","link":"https:\/\/veloclusive-bielbienne.ch\/fr\/services\/","title":{"rendered":"Services"},"content":{"rendered":"<nav class=\"is-responsive wp-block-navigation is-layout-flex wp-block-navigation-is-layout-flex\" aria-label=\"Hauptnavigation DE\" \n\t\t data-wp-interactive=\"core\/navigation\" data-wp-context='{\"overlayOpenedBy\":{\"click\":false,\"hover\":false,\"focus\":false},\"type\":\"overlay\",\"roleAttribute\":\"\",\"ariaLabel\":\"Menu\"}'><button aria-haspopup=\"dialog\" aria-label=\"Ouvrir le menu\" class=\"wp-block-navigation__responsive-container-open\" \n\t\t\t\tdata-wp-on--click=\"actions.openMenuOnClick\"\n\t\t\t\tdata-wp-on--keydown=\"actions.handleMenuKeydown\"\n\t\t\t><svg width=\"24\" height=\"24\" xmlns=\"http:\/\/www.w3.org\/2000\/svg\" viewbox=\"0 0 24 24\" aria-hidden=\"true\" focusable=\"false\"><path d=\"M4 7.5h16v1.5H4z\"><\/path><path d=\"M4 15h16v1.5H4z\"><\/path><\/svg><\/button>\n\t\t\t\t<div class=\"wp-block-navigation__responsive-container\"  id=\"modal-1\" \n\t\t\t\tdata-wp-class--has-modal-open=\"state.isMenuOpen\"\n\t\t\t\tdata-wp-class--is-menu-open=\"state.isMenuOpen\"\n\t\t\t\tdata-wp-watch=\"callbacks.initMenu\"\n\t\t\t\tdata-wp-on--keydown=\"actions.handleMenuKeydown\"\n\t\t\t\tdata-wp-on--focusout=\"actions.handleMenuFocusout\"\n\t\t\t\ttabindex=\"-1\"\n\t\t\t>\n\t\t\t\t\t<div class=\"wp-block-navigation__responsive-close\" tabindex=\"-1\">\n\t\t\t\t\t\t<div class=\"wp-block-navigation__responsive-dialog\" \n\t\t\t\tdata-wp-bind--aria-modal=\"state.ariaModal\"\n\t\t\t\tdata-wp-bind--aria-label=\"state.ariaLabel\"\n\t\t\t\tdata-wp-bind--role=\"state.roleAttribute\"\n\t\t\t>\n\t\t\t\t\t\t\t<button aria-label=\"Fermer le menu\" class=\"wp-block-navigation__responsive-container-close\" \n\t\t\t\tdata-wp-on--click=\"actions.closeMenuOnClick\"\n\t\t\t><svg xmlns=\"http:\/\/www.w3.org\/2000\/svg\" viewbox=\"0 0 24 24\" width=\"24\" height=\"24\" aria-hidden=\"true\" focusable=\"false\"><path d=\"m13.06 12 6.47-6.47-1.06-1.06L12 10.94 5.53 4.47 4.47 5.53 10.94 12l-6.47 6.47 1.06 1.06L12 13.06l6.47 6.47 1.06-1.06L13.06 12Z\"><\/path><\/svg><\/button>\n\t\t\t\t\t\t\t<div class=\"wp-block-navigation__responsive-container-content\" \n\t\t\t\tdata-wp-watch=\"callbacks.focusFirstElement\"\n\t\t\t id=\"modal-1-content\">\n\t\t\t\t\t\t\t\t<ul class=\"wp-block-navigation__container is-responsive wp-block-navigation\"><li data-wp-context=\"{ &quot;submenuOpenedBy&quot;: { &quot;click&quot;: false, &quot;hover&quot;: false, &quot;focus&quot;: false }, &quot;type&quot;: &quot;submenu&quot;, &quot;modal&quot;: null, &quot;previousFocus&quot;: null }\" data-wp-interactive=\"core\/navigation\" data-wp-on--focusout=\"actions.handleMenuFocusout\" data-wp-on--keydown=\"actions.handleMenuKeydown\" data-wp-on--mouseenter=\"actions.openMenuOnHover\" data-wp-on--mouseleave=\"actions.closeMenuOnHover\" data-wp-watch=\"callbacks.initMenu\" tabindex=\"-1\" class=\"wp-block-navigation-item has-child open-on-hover-click wp-block-navigation-submenu has-large-font-size\"><a class=\"wp-block-navigation-item__content\" href=\"https:\/\/veloclusive-bielbienne.ch\/fr\/services\/\"><span class=\"wp-block-navigation-item__label\">Services<\/span><\/a><button data-wp-bind--aria-expanded=\"state.isMenuOpen\" data-wp-on--click=\"actions.toggleMenuOnClick\" aria-label=\"Sous-menu Services\" class=\"wp-block-navigation__submenu-icon wp-block-navigation-submenu__toggle\" ><svg xmlns=\"http:\/\/www.w3.org\/2000\/svg\" width=\"12\" height=\"12\" viewbox=\"0 0 12 12\" fill=\"none\" aria-hidden=\"true\" focusable=\"false\"><path d=\"M1.50002 4L6.00002 8L10.5 4\" stroke-width=\"1.5\"><\/path><\/svg><\/button><ul data-wp-on--focus=\"actions.openMenuOnFocus\" class=\"wp-block-navigation__submenu-container wp-block-navigation-submenu has-large-font-size\"><li class=\"wp-block-navigation-item wp-block-navigation-link\"><a class=\"wp-block-navigation-item__content\"  href=\"https:\/\/veloclusive-bielbienne.ch\/fr\/services\/#uebersicht\"><span class=\"wp-block-navigation-item__label\">Pakete<\/span><\/a><\/li><li class=\"wp-block-navigation-item wp-block-navigation-link\"><a class=\"wp-block-navigation-item__content\"  href=\"https:\/\/veloclusive-bielbienne.ch\/fr\/services\/#individuell\"><span class=\"wp-block-navigation-item__label\">Individuell<\/span><\/a><\/li><li class=\"wp-block-navigation-item wp-block-navigation-link\"><a class=\"wp-block-navigation-item__content\"  href=\"https:\/\/veloclusive-bielbienne.ch\/fr\/services\/#bikefitting\"><span class=\"wp-block-navigation-item__label\">Bikefitting<\/span><\/a><\/li><\/ul><\/li><\/ul>\n\t\t\t\t\t\t\t<\/div>\n\t\t\t\t\t\t<\/div>\n\t\t\t\t\t<\/div>\n\t\t\t\t<\/div><\/nav>\n\n\n<h1 class=\"wp-block-heading has-large-font-size\"><strong>Services<\/strong><\/h1>\n\n\n\n<div class=\"wp-block-cover\"><span aria-hidden=\"true\" class=\"wp-block-cover__background has-background-dim\"><\/span><img loading=\"lazy\" decoding=\"async\" width=\"1024\" height=\"576\" class=\"wp-block-cover__image-background wp-image-228\" alt=\"\" src=\"https:\/\/veloclusive-bielbienne.ch\/wp-content\/uploads\/sites\/2\/2024\/11\/DSC01385-1024x576.jpg\" data-object-fit=\"cover\" srcset=\"https:\/\/veloclusive-bielbienne.ch\/wp-content\/uploads\/sites\/2\/2024\/11\/DSC01385-1024x576.jpg 1024w, https:\/\/veloclusive-bielbienne.ch\/wp-content\/uploads\/sites\/2\/2024\/11\/DSC01385-300x169.jpg 300w, https:\/\/veloclusive-bielbienne.ch\/wp-content\/uploads\/sites\/2\/2024\/11\/DSC01385-768x432.jpg 768w, https:\/\/veloclusive-bielbienne.ch\/wp-content\/uploads\/sites\/2\/2024\/11\/DSC01385-1536x864.jpg 1536w, https:\/\/veloclusive-bielbienne.ch\/wp-content\/uploads\/sites\/2\/2024\/11\/DSC01385-2048x1152.jpg 2048w, https:\/\/veloclusive-bielbienne.ch\/wp-content\/uploads\/sites\/2\/2024\/11\/DSC01385-18x10.jpg 18w\" sizes=\"auto, (max-width: 706px) 89vw, (max-width: 767px) 82vw, 740px\" \/><div class=\"wp-block-cover__inner-container is-layout-flow wp-block-cover-is-layout-flow\">\n<div class=\"wp-block-buttons is-content-justification-center is-layout-flex wp-container-core-buttons-is-layout-16018d1d wp-block-buttons-is-layout-flex\">\n<div class=\"wp-block-button\"><a class=\"wp-block-button__link wp-element-button\" href=\"http:\/\/wa.me\/41774687630\">SERVICETERMIN BUCHEN <\/a><\/div>\n<\/div>\n<\/div><\/div>\n\n\n\n<div style=\"height:50px\" aria-hidden=\"true\" class=\"wp-block-spacer\"><\/div>\n\n\n\n<p class=\"has-text-align-center .blocksatz { text-align: justify; } has-medium-font-size\">Unser Ziel: Das Beste aus deinem Velo herausholen! Daf\u00fcr setzen wir auf hochwertige und langlebige Komponenten, damit dein Velo l\u00e4nger und besser f\u00e4hrt \u2013 und du lange Freude daran hast.<\/p>\n\n\n\n<h2 class=\"wp-block-heading has-medium-font-size\" id=\"uebersicht\"><strong>Aper\u00e7u des services<\/strong><\/h2>\n\n\n\n<p><em>Tous les services incluent le mat\u00e9riel de lubrification, hors pi\u00e8ces et accessoires.<\/em><\/p>\n\n\n\n<div class=\"wp-block-columns are-vertically-aligned-top has-medium-font-size is-layout-flex wp-container-core-columns-is-layout-9d6595d7 wp-block-columns-is-layout-flex\">\n<div class=\"wp-block-column is-vertically-aligned-top is-layout-flow wp-block-column-is-layout-flow\">\n<details class=\"wp-block-details is-layout-flow wp-block-details-is-layout-flow\" style=\"line-height:2\" open><summary><strong>Basic Tune<\/strong><br>CHF <strong>99.-<\/strong><\/summary>\n<ul class=\"wp-block-list\">\n<li>Reinigung und Inspektion des Fahrrades<\/li>\n\n\n\n<li>Schaltung kontrollieren\/ einstellen<\/li>\n\n\n\n<li>Bremsen kontrollieren\/ einstellen<\/li>\n\n\n\n<li>Schraubenkontrolle<\/li>\n\n\n\n<li>Probefahrt<\/li>\n<\/ul>\n<\/details>\n<\/div>\n\n\n\n<div class=\"wp-block-column is-vertically-aligned-top is-layout-flow wp-block-column-is-layout-flow\">\n<details class=\"wp-block-details is-layout-flow wp-block-details-is-layout-flow\" style=\"line-height:2\" open><summary><strong>Standard Tune<\/strong><br>CHF <strong>180.-<\/strong><\/summary>\n<ul class=\"wp-block-list\">\n<li>Reinigung und Inspektion des Fahrrades<\/li>\n\n\n\n<li>Laufr\u00e4der zentrieren<\/li>\n\n\n\n<li>Steuerlager reinigen, fetten und einstellen<\/li>\n\n\n\n<li>Tretlager kontrollieren\/ reinigen, fetten und einstellen<\/li>\n\n\n\n<li>Schaltung kontrollieren\/ einstellen<\/li>\n\n\n\n<li>Bremsen kontrollieren \/ einstellen<\/li>\n\n\n\n<li>Schraubenkontrolle<\/li>\n\n\n\n<li>Probefahrt<\/li>\n<\/ul>\n<\/details>\n<\/div>\n\n\n\n<div class=\"wp-block-column is-vertically-aligned-top is-layout-flow wp-block-column-is-layout-flow\">\n<details class=\"wp-block-details is-layout-flow wp-block-details-is-layout-flow\" style=\"line-height:2\" open><summary><strong>Performance Tune<\/strong><br>CHF <strong>300.-<\/strong><\/summary>\n<ul class=\"wp-block-list\">\n<li>Reinigung und Inspektion des Fahrrades<\/li>\n\n\n\n<li>Antrieb demontieren und reinigen (mit Teilereiniger\/ Ultraschallreiniger)&nbsp;<\/li>\n\n\n\n<li>Laufr\u00e4der zentrieren<\/li>\n\n\n\n<li>Radlagerservice: Nabenlager reinigen, fetten und einstellen inkl. Freilauf<\/li>\n\n\n\n<li>Steuerlager zerlegen, reinigen, fetten, montieren und einstellen<\/li>\n\n\n\n<li>Tretlager zerlegen, reinigen, fetten, montieren und einstellen<\/li>\n\n\n\n<li>Bremsen einstellen<\/li>\n\n\n\n<li>Hydraulische Bremsen: entl\u00fcften<\/li>\n\n\n\n<li>Mechanische Bremsen: Kabel reinigen und fetten<\/li>\n\n\n\n<li>Schaltung kontrollieren und einstellen: Schaltauge kontrollieren, Schaltwerk und Umwerfer einstellen, Schaltkabel reinigen und fetten<\/li>\n\n\n\n<li>Elektronische Schaltung: Software-Update und Einstellung<\/li>\n\n\n\n<li>Schraubenkontrolle<\/li>\n\n\n\n<li>Probefahrt<\/li>\n<\/ul>\n<\/details>\n<\/div>\n<\/div>\n\n\n\n<h2 class=\"wp-block-heading has-large-font-size\"><strong>Laufradbau<\/strong><\/h2>\n\n\n\n<p class=\"has-text-align-center has-medium-font-size\">Individuelle Laufr\u00e4der f\u00fcr dein Velo \u2013 ob Gravel oder Rennrad, Alu oder Carbon!<br>W\u00e4hle jede Komponente selbst aus oder lass dich von uns beraten \u2013 wir bauen dir den perfekten Laufradsatz f\u00fcr dein Traumvelo!<\/p>\n\n\n\n<figure class=\"wp-block-image size-large\"><img loading=\"lazy\" decoding=\"async\" width=\"1024\" height=\"576\" src=\"https:\/\/veloclusive-bielbienne.ch\/wp-content\/uploads\/sites\/2\/2024\/11\/DSC00016-4-1024x576.jpg\" alt=\"\" class=\"wp-image-244\" srcset=\"https:\/\/veloclusive-bielbienne.ch\/wp-content\/uploads\/sites\/2\/2024\/11\/DSC00016-4-1024x576.jpg 1024w, https:\/\/veloclusive-bielbienne.ch\/wp-content\/uploads\/sites\/2\/2024\/11\/DSC00016-4-300x169.jpg 300w, https:\/\/veloclusive-bielbienne.ch\/wp-content\/uploads\/sites\/2\/2024\/11\/DSC00016-4-768x432.jpg 768w, https:\/\/veloclusive-bielbienne.ch\/wp-content\/uploads\/sites\/2\/2024\/11\/DSC00016-4-1536x864.jpg 1536w, https:\/\/veloclusive-bielbienne.ch\/wp-content\/uploads\/sites\/2\/2024\/11\/DSC00016-4-2048x1152.jpg 2048w, https:\/\/veloclusive-bielbienne.ch\/wp-content\/uploads\/sites\/2\/2024\/11\/DSC00016-4-18x10.jpg 18w\" sizes=\"auto, (max-width: 706px) 89vw, (max-width: 767px) 82vw, 740px\" \/><\/figure>\n\n\n\n<h2 class=\"wp-block-heading has-large-font-size\" id=\"individuell\"><strong>Individuelle Serviceleistungen<\/strong><\/h2>\n\n\n\n<p class=\"has-medium-font-size\">Stundenansatz: CHF 120.-<\/p>\n\n\n\n<ul style=\"line-height:2\" class=\"wp-block-list\">\n<li>Fahrrad reinigen 50.-<\/li>\n\n\n\n<li>Neue Kette entfetten und wachsen 65.- (inkl. Wachs und Reinigungsmittel)<\/li>\n\n\n\n<li>Kompletter Antrieb (Kurbelgarnitur, Kassette, Kette, Schaltwerk &amp; Umwerfer) reinigen und Kette wachsen 120.- (inkl. Reinigungsmittel und Wachs)<\/li>\n\n\n\n<li>Aufwendige Offerten f\u00fcr Service\/Zustandspr\u00fcfungen (beinhaltet Gespr\u00e4ch\/Annahme\/Funktionspr\u00fcfung\/Erstellen der Offerte vom Service): 60.- (bei Arbeitsausf\u00fchrung werden die 60.- wieder abgezogen)<\/li>\n\n\n\n<li>Zustandspr\u00fcfung und Probefahrt 25.-\u00a0<\/li>\n<\/ul>\n\n\n\n<h2 class=\"wp-block-heading has-large-font-size\" id=\"bikefitting\"><strong>Bike Fitting<\/strong><\/h2>\n\n\n\n<p class=\"has-text-align-center\">Velofahren ist ein zyklischer Bewegungsablauf. Pro Stunde kann ein Radfahrer 5&#8217;000 oder mehr Pedalumdrehungen machen. <strong>Im Laufe der Zeit kann eine unangepasste Haltung beim Velofahren zu Schmerzen, Verletzungen oder zu einer Trainings-Ineffizienz f\u00fchren.\u00a0<\/strong><\/p>\n\n\n\n<p class=\"has-text-align-center\">Bei VeloClusive m\u00f6chten wir dir das optimale Bikefitting anbieten, um die oben genannten Probleme zu vermeiden. Unser Partner f\u00fcr das Bikefitting ist <strong>Physiotherapeut<\/strong> <strong>mit einer Leidenschaft f\u00fcr das Velofahren<\/strong> und hat sich zum Bikefitter weitergebildet. Das Bikefit-Screening besteht aus vier Teilen und ist m\u00f6glichst umfassend, sodass du nach dieser Konsultation zuversichtlich mit dem Aufbau deines Trainings beginnen kannst.<\/p>\n\n\n\n<div class=\"wp-block-buttons is-content-justification-center is-layout-flex wp-container-core-buttons-is-layout-e1485a7b wp-block-buttons-is-layout-flex\">\n<div class=\"wp-block-button\"><a class=\"wp-block-button__link wp-element-button\" href=\"tel:+41794383119\">ANRUFEN<\/a><\/div>\n\n\n\n<div class=\"wp-block-button\"><a class=\"wp-block-button__link wp-element-button\" href=\"https:\/\/wa.me\/message\/KU4WPNVYC2Y5G1\">WHATSAPP<\/a><\/div>\n\n\n\n<div class=\"wp-block-button\"><a class=\"wp-block-button__link has-text-align-center wp-element-button\" href=\"mailto:bikefittingvalcke@gmail.com\">EMAIL<\/a><\/div>\n<\/div>\n\n\n\n<p><strong>1. Pers\u00f6nliches Beratungsgespr\u00e4ch<\/strong><\/p>\n\n\n\n<ul class=\"wp-block-list\">\n<li>Laufende Beschwerden<\/li>\n\n\n\n<li>Fr\u00fchere Verletzungen&nbsp;<\/li>\n\n\n\n<li>Definierte Ziele<\/li>\n<\/ul>\n\n\n\n<figure class=\"wp-block-image size-large is-resized\"><img loading=\"lazy\" decoding=\"async\" width=\"1024\" height=\"576\" src=\"https:\/\/veloclusive-bielbienne.ch\/wp-content\/uploads\/sites\/2\/2024\/11\/DSC09935-1024x576.jpg\" alt=\"\" class=\"wp-image-257\" style=\"width:672px;height:auto\" srcset=\"https:\/\/veloclusive-bielbienne.ch\/wp-content\/uploads\/sites\/2\/2024\/11\/DSC09935-1024x576.jpg 1024w, https:\/\/veloclusive-bielbienne.ch\/wp-content\/uploads\/sites\/2\/2024\/11\/DSC09935-300x169.jpg 300w, https:\/\/veloclusive-bielbienne.ch\/wp-content\/uploads\/sites\/2\/2024\/11\/DSC09935-768x432.jpg 768w, https:\/\/veloclusive-bielbienne.ch\/wp-content\/uploads\/sites\/2\/2024\/11\/DSC09935-1536x864.jpg 1536w, https:\/\/veloclusive-bielbienne.ch\/wp-content\/uploads\/sites\/2\/2024\/11\/DSC09935-2048x1152.jpg 2048w, https:\/\/veloclusive-bielbienne.ch\/wp-content\/uploads\/sites\/2\/2024\/11\/DSC09935-18x10.jpg 18w\" sizes=\"auto, (max-width: 706px) 89vw, (max-width: 767px) 82vw, 740px\" \/><\/figure>\n\n\n\n<p><strong>2. Physiotherapeutische K\u00f6rperanalyse<\/strong><\/p>\n\n\n\n<ul class=\"wp-block-list\">\n<li>Mobilit\u00e4t von Gelenken&nbsp;<\/li>\n\n\n\n<li>Flexibilit\u00e4t von Muskeln&nbsp;<\/li>\n\n\n\n<li>Krafttests&nbsp;<\/li>\n<\/ul>\n\n\n\n<figure class=\"wp-block-image size-large\"><img loading=\"lazy\" decoding=\"async\" width=\"1024\" height=\"576\" src=\"https:\/\/veloclusive-bielbienne.ch\/wp-content\/uploads\/sites\/2\/2024\/11\/DSC09950-1024x576.jpg\" alt=\"\" class=\"wp-image-264\" srcset=\"https:\/\/veloclusive-bielbienne.ch\/wp-content\/uploads\/sites\/2\/2024\/11\/DSC09950-1024x576.jpg 1024w, https:\/\/veloclusive-bielbienne.ch\/wp-content\/uploads\/sites\/2\/2024\/11\/DSC09950-300x169.jpg 300w, https:\/\/veloclusive-bielbienne.ch\/wp-content\/uploads\/sites\/2\/2024\/11\/DSC09950-768x432.jpg 768w, https:\/\/veloclusive-bielbienne.ch\/wp-content\/uploads\/sites\/2\/2024\/11\/DSC09950-1536x864.jpg 1536w, https:\/\/veloclusive-bielbienne.ch\/wp-content\/uploads\/sites\/2\/2024\/11\/DSC09950-2048x1152.jpg 2048w, https:\/\/veloclusive-bielbienne.ch\/wp-content\/uploads\/sites\/2\/2024\/11\/DSC09950-18x10.jpg 18w\" sizes=\"auto, (max-width: 706px) 89vw, (max-width: 767px) 82vw, 740px\" \/><\/figure>\n\n\n\n<p><strong>3. Dynamische Bewegungsanalyse<\/strong><\/p>\n\n\n\n<ul class=\"wp-block-list\">\n<li>Richtige Einstellung des Velos&nbsp;<\/li>\n\n\n\n<li>Richtige Position von den Schuhplatten<\/li>\n<\/ul>\n\n\n\n<p>(Anpassung deines Velo und deiner Schuhplatten erfolgt vor Ort)<\/p>\n\n\n<div class=\"wp-block-image\">\n<figure class=\"aligncenter size-large\"><img loading=\"lazy\" decoding=\"async\" width=\"1024\" height=\"576\" src=\"https:\/\/veloclusive-bielbienne.ch\/wp-content\/uploads\/sites\/2\/2024\/11\/DSC09990-2-1024x576.jpg\" alt=\"\" class=\"wp-image-265\" srcset=\"https:\/\/veloclusive-bielbienne.ch\/wp-content\/uploads\/sites\/2\/2024\/11\/DSC09990-2-1024x576.jpg 1024w, https:\/\/veloclusive-bielbienne.ch\/wp-content\/uploads\/sites\/2\/2024\/11\/DSC09990-2-300x169.jpg 300w, https:\/\/veloclusive-bielbienne.ch\/wp-content\/uploads\/sites\/2\/2024\/11\/DSC09990-2-768x432.jpg 768w, https:\/\/veloclusive-bielbienne.ch\/wp-content\/uploads\/sites\/2\/2024\/11\/DSC09990-2-1536x864.jpg 1536w, https:\/\/veloclusive-bielbienne.ch\/wp-content\/uploads\/sites\/2\/2024\/11\/DSC09990-2-2048x1152.jpg 2048w, https:\/\/veloclusive-bielbienne.ch\/wp-content\/uploads\/sites\/2\/2024\/11\/DSC09990-2-18x10.jpg 18w\" sizes=\"auto, (max-width: 706px) 89vw, (max-width: 767px) 82vw, 740px\" \/><\/figure>\n<\/div>\n\n\n<p><strong>4. Dokumentation und individuelle \u00dcbungen<\/strong><\/p>\n\n\n\n<ul class=\"wp-block-list\">\n<li>Ergebnisse des K\u00f6rperscreenings<\/li>\n\n\n\n<li>Velo-Messungen vor und nach dem Bikefitting<\/li>\n<\/ul>\n\n\n<div class=\"wp-block-image\">\n<figure class=\"aligncenter size-large\"><img loading=\"lazy\" decoding=\"async\" width=\"1024\" height=\"576\" src=\"https:\/\/veloclusive-bielbienne.ch\/wp-content\/uploads\/sites\/2\/2024\/11\/DSC09971-1024x576.jpg\" alt=\"\" class=\"wp-image-266\" srcset=\"https:\/\/veloclusive-bielbienne.ch\/wp-content\/uploads\/sites\/2\/2024\/11\/DSC09971-1024x576.jpg 1024w, https:\/\/veloclusive-bielbienne.ch\/wp-content\/uploads\/sites\/2\/2024\/11\/DSC09971-300x169.jpg 300w, https:\/\/veloclusive-bielbienne.ch\/wp-content\/uploads\/sites\/2\/2024\/11\/DSC09971-768x432.jpg 768w, https:\/\/veloclusive-bielbienne.ch\/wp-content\/uploads\/sites\/2\/2024\/11\/DSC09971-1536x864.jpg 1536w, https:\/\/veloclusive-bielbienne.ch\/wp-content\/uploads\/sites\/2\/2024\/11\/DSC09971-2048x1152.jpg 2048w, https:\/\/veloclusive-bielbienne.ch\/wp-content\/uploads\/sites\/2\/2024\/11\/DSC09971-18x10.jpg 18w\" sizes=\"auto, (max-width: 706px) 89vw, (max-width: 767px) 82vw, 740px\" \/><\/figure>\n<\/div>\n\n\n<p>Dauer: 1,5 &#8211; 2,5 Stunden<\/p>\n\n\n\n<p>Preis: CHF 120.-\/Stunde<\/p>\n\n\n\n<p>F\u00fcr deinen Bikefittingtermin ben\u00f6tigst du deine Velokleidung, deine Veloschuhe und dein Velo.<\/p>","protected":false},"excerpt":{"rendered":"<p>Services Unser Ziel: Das Beste aus deinem Velo herausholen! Daf\u00fcr setzen wir auf hochwertige und langlebige Komponenten, damit dein Velo l\u00e4nger und besser f\u00e4hrt \u2013 und du lange Freude daran hast. \u00dcbersicht der Serviceleistungen Alle Services verstehen sich inkl. Schmiermaterial, exkl. Teile und Zubeh\u00f6r. Laufradbau Individuelle Laufr\u00e4der f\u00fcr dein Velo \u2013 ob Gravel oder Rennrad, &hellip; <\/p>\n<p class=\"link-more\"><a href=\"https:\/\/veloclusive-bielbienne.ch\/fr\/services\/\" class=\"more-link\">Continuer la lecture<span class=\"screen-reader-text\"> de &laquo;&nbsp;Services&nbsp;&raquo;<\/span><\/a><\/p>","protected":false},"author":1,"featured_media":0,"parent":0,"menu_order":0,"comment_status":"closed","ping_status":"closed","template":"","meta":{"footnotes":""},"class_list":["post-73","page","type-page","status-publish","hentry"],"_links":{"self":[{"href":"https:\/\/veloclusive-bielbienne.ch\/fr\/wp-json\/wp\/v2\/pages\/73","targetHints":{"allow":["GET"]}}],"collection":[{"href":"https:\/\/veloclusive-bielbienne.ch\/fr\/wp-json\/wp\/v2\/pages"}],"about":[{"href":"https:\/\/veloclusive-bielbienne.ch\/fr\/wp-json\/wp\/v2\/types\/page"}],"author":[{"embeddable":true,"href":"https:\/\/veloclusive-bielbienne.ch\/fr\/wp-json\/wp\/v2\/users\/1"}],"replies":[{"embeddable":true,"href":"https:\/\/veloclusive-bielbienne.ch\/fr\/wp-json\/wp\/v2\/comments?post=73"}],"version-history":[{"count":88,"href":"https:\/\/veloclusive-bielbienne.ch\/fr\/wp-json\/wp\/v2\/pages\/73\/revisions"}],"predecessor-version":[{"id":298,"href":"https:\/\/veloclusive-bielbienne.ch\/fr\/wp-json\/wp\/v2\/pages\/73\/revisions\/298"}],"wp:attachment":[{"href":"https:\/\/veloclusive-bielbienne.ch\/fr\/wp-json\/wp\/v2\/media?parent=73"}],"curies":[{"name":"wp","href":"https:\/\/api.w.org\/{rel}","templated":true}]}}